{"id":1518,"date":"2025-12-31T11:00:07","date_gmt":"2025-12-31T10:00:07","guid":{"rendered":"http:\/\/mymatma.pl\/?page_id=1518"},"modified":"2025-12-31T14:07:47","modified_gmt":"2025-12-31T13:07:47","slug":"rownania-nierownosci-uklady-rownan","status":"publish","type":"page","link":"https:\/\/mymatma.pl\/?page_id=1518","title":{"rendered":"R\u00f3wnania, nier\u00f3wno\u015bci, uk\u0142ady r\u00f3wna\u0144"},"content":{"rendered":"\n\n","protected":false},"excerpt":{"rendered":"","protected":false},"author":1,"featured_media":0,"parent":0,"menu_order":0,"comment_status":"closed","ping_status":"closed","template":"full-width","meta":{"saved_in_kubio":true,"_uag_custom_page_level_css":"","_themeisle_gutenberg_block_has_review":false,"footnotes":""},"class_list":["post-1518","page","type-page","status-publish","hentry"],"kubio_ai_page_context":{"short_desc":"","purpose":"general"},"uagb_featured_image_src":{"full":false,"thumbnail":false,"medium":false,"medium_large":false,"large":false,"1536x1536":false,"2048x2048":false,"kubio-fullhd":false,"woocommerce_thumbnail":false,"woocommerce_single":false,"woocommerce_gallery_thumbnail":false},"uagb_author_info":{"display_name":"adminmymatma","author_link":"https:\/\/mymatma.pl\/?author=1"},"uagb_comment_info":0,"uagb_excerpt":null,"jetpack_sharing_enabled":true,"_links":{"self":[{"href":"https:\/\/mymatma.pl\/index.php?rest_route=\/wp\/v2\/pages\/1518","targetHints":{"allow":["GET"]}}],"collection":[{"href":"https:\/\/mymatma.pl\/index.php?rest_route=\/wp\/v2\/pages"}],"about":[{"href":"https:\/\/mymatma.pl\/index.php?rest_route=\/wp\/v2\/types\/page"}],"author":[{"embeddable":true,"href":"https:\/\/mymatma.pl\/index.php?rest_route=\/wp\/v2\/users\/1"}],"replies":[{"embeddable":true,"href":"https:\/\/mymatma.pl\/index.php?rest_route=%2Fwp%2Fv2%2Fcomments&post=1518"}],"version-history":[{"count":4,"href":"https:\/\/mymatma.pl\/index.php?rest_route=\/wp\/v2\/pages\/1518\/revisions"}],"predecessor-version":[{"id":1648,"href":"https:\/\/mymatma.pl\/index.php?rest_route=\/wp\/v2\/pages\/1518\/revisions\/1648"}],"wp:attachment":[{"href":"https:\/\/mymatma.pl\/index.php?rest_route=%2Fwp%2Fv2%2Fmedia&parent=1518"}],"curies":[{"name":"wp","href":"https:\/\/api.w.org\/{rel}","templated":true}]}}